{"id":55,"date":"2026-01-30T22:00:25","date_gmt":"2026-01-30T21:00:25","guid":{"rendered":"https:\/\/wedbensel.ch\/?page_id=55"},"modified":"2026-02-02T17:46:51","modified_gmt":"2026-02-02T16:46:51","slug":"location","status":"publish","type":"page","link":"https:\/\/wedbensel.ch\/?page_id=55","title":{"rendered":"Location"},"content":{"rendered":"\n<div class=\"wp-block-group invite-title is-layout-constrained wp-block-group-is-layout-constrained\">\n<h2 class=\"wp-block-heading invite-title__top\">lokacija<\/h2>\n\n\n\n<h1 class=\"wp-block-heading invite-title__main\">LOCATION<\/h1>\n<\/div>\n\n\n\n<p class=\"has-text-align-left\">F\u00fcr unsere Feier haben wir uns f\u00fcr das Restaurant Adriatic entschieden \u2014 die Aussicht hat uns sofort die Sprache verschlagen. Wir freuen uns auf ein ungezwungenes, herzliches Hochzeitsfest mit viel Genuss, grandiosem Essen und exzellentem Service.<\/p>\n\n\n\n<div class=\"wp-block-buttons is-layout-flex wp-block-buttons-is-layout-flex\">\n<div class=\"wp-block-button\"><a class=\"wp-block-button__link wp-element-button\" href=\"https:\/\/www.restaurantadriatic.com\/\"><strong>Restaurant Adriatic besuchen \ud83d\udda4 Posjetite restoran Adriatic<\/strong><\/a><\/div>\n<\/div>\n\n\n\n<p class=\"has-text-align-left\"><br>Za na\u0161u proslavu odabrali smo restoran Adriatic \u2014 pogled nas je odmah ostavio bez rije\u010di. Radujemo se opu\u0161tenom i srda\u010dnom svadbenom slavlju, uz puno u\u017eivanja, vrhunsku hranu i izvrsnu uslugu.<\/p>\n\n\n\n<figure class=\"wp-block-gallery has-nested-images columns-default is-cropped wp-block-gallery-1 is-layout-flex wp-block-gallery-is-layout-flex\">\n<figure class=\"wp-block-image size-large\"><img loading=\"lazy\" decoding=\"async\" width=\"1000\" height=\"666\" data-id=\"81\" src=\"https:\/\/wedbensel.ch\/wp-content\/uploads\/2026\/01\/Restaurant-Adriatic_view_1.jpg\" alt=\"\" class=\"wp-image-81\" srcset=\"https:\/\/wedbensel.ch\/wp-content\/uploads\/2026\/01\/Restaurant-Adriatic_view_1.jpg 1000w, https:\/\/wedbensel.ch\/wp-content\/uploads\/2026\/01\/Restaurant-Adriatic_view_1-300x200.jpg 300w, https:\/\/wedbensel.ch\/wp-content\/uploads\/2026\/01\/Restaurant-Adriatic_view_1-768x511.jpg 768w\" sizes=\"auto, (max-width: 1000px) 100vw, 1000px\" \/><\/figure>\n\n\n\n<figure class=\"wp-block-image size-large\"><img loading=\"lazy\" decoding=\"async\" width=\"768\" height=\"1024\" data-id=\"87\" src=\"https:\/\/wedbensel.ch\/wp-content\/uploads\/2026\/01\/20250730_191107-768x1024.jpg\" alt=\"\" class=\"wp-image-87\" srcset=\"https:\/\/wedbensel.ch\/wp-content\/uploads\/2026\/01\/20250730_191107-768x1024.jpg 768w, https:\/\/wedbensel.ch\/wp-content\/uploads\/2026\/01\/20250730_191107-225x300.jpg 225w, https:\/\/wedbensel.ch\/wp-content\/uploads\/2026\/01\/20250730_191107-1152x1536.jpg 1152w, https:\/\/wedbensel.ch\/wp-content\/uploads\/2026\/01\/20250730_191107-1536x2048.jpg 1536w, https:\/\/wedbensel.ch\/wp-content\/uploads\/2026\/01\/20250730_191107-scaled.jpg 1920w\" sizes=\"auto, (max-width: 768px) 100vw, 768px\" \/><\/figure>\n<\/figure>\n\n\n\n<div style=\"height:39px\" aria-hidden=\"true\" class=\"wp-block-spacer\"><\/div>\n\n\n\n<div class=\"wp-block-uagb-separator uagb-block-75f0b04c\"><div class=\"wp-block-uagb-separator__inner\" style=\"--my-background-image:\"><\/div><\/div>\n\n\n\n<div style=\"height:40px\" aria-hidden=\"true\" class=\"wp-block-spacer\"><\/div>\n\n\n\n<h4 class=\"wp-block-heading\">Standort \ud83d\udda4 Lokacija<\/h4>\n\n\n\n<div style=\"height:30px\" aria-hidden=\"true\" class=\"wp-block-spacer\"><\/div>\n\n\n\n<iframe src=\"https:\/\/www.google.com\/maps\/embed?pb=!1m18!1m12!1m3!1d2894.0750164534206!2d16.4282173!3d43.500770599999996!2m3!1f0!2f0!3f0!3m2!1i1024!2i768!4f13.1!3m3!1m2!1s0x1335675a77e7276f%3A0xe98fed1706832d75!2sRestaurant%20Adriatic!5e0!3m2!1sde!2sch!4v1769890821103!5m2!1sde!2sch\" width=\"600\" height=\"450\" style=\"border:0;\" allowfullscreen=\"\" loading=\"lazy\" referrerpolicy=\"no-referrer-when-downgrade\"><\/iframe>\n\n\n\n<div style=\"height:39px\" aria-hidden=\"true\" class=\"wp-block-spacer\"><\/div>\n\n\n\n<div class=\"wp-block-uagb-separator uagb-block-92fc0f86\"><div class=\"wp-block-uagb-separator__inner\" style=\"--my-background-image:\"><\/div><\/div>\n\n\n\n<div style=\"height:40px\" aria-hidden=\"true\" class=\"wp-block-spacer\"><\/div>\n\n\n\n<h4 class=\"wp-block-heading\">Sustipan Park<\/h4>\n\n\n\n<p>Das Restaurant Adriatic befindet sich direkt beim Sustipan Park, einem der sch\u00f6nsten und ruhigsten Aussichtspunkte in Split. Die Location liegt auf den Felsen unterhalb des Parks, unmittelbar an der Adriak\u00fcste, mit freiem Blick auf das Meer und die vorgelagerten Inseln.<\/p>\n\n\n\n<p>Restoran Adriatic nalazi se neposredno uz park Sustipan, jednoj od najljep\u0161ih i najmirnijih vidikovaca u Splitu. Lokacija se nalazi na stijenama ispod parka, neposredno uz jadransku obalu, s otvorenim pogledom na more i obli\u017enje otoke.<\/p>\n\n\n\n<figure class=\"wp-block-gallery has-nested-images columns-default is-cropped wp-block-gallery-2 is-layout-flex wp-block-gallery-is-layout-flex\">\n<figure class=\"wp-block-image size-large\"><img loading=\"lazy\" decoding=\"async\" width=\"768\" height=\"1024\" data-id=\"82\" src=\"https:\/\/wedbensel.ch\/wp-content\/uploads\/2026\/01\/IMG-20250403-WA0003-768x1024.jpg\" alt=\"\" class=\"wp-image-82\" srcset=\"https:\/\/wedbensel.ch\/wp-content\/uploads\/2026\/01\/IMG-20250403-WA0003-768x1024.jpg 768w, https:\/\/wedbensel.ch\/wp-content\/uploads\/2026\/01\/IMG-20250403-WA0003-225x300.jpg 225w, https:\/\/wedbensel.ch\/wp-content\/uploads\/2026\/01\/IMG-20250403-WA0003-1152x1536.jpg 1152w, https:\/\/wedbensel.ch\/wp-content\/uploads\/2026\/01\/IMG-20250403-WA0003.jpg 1200w\" sizes=\"auto, (max-width: 768px) 100vw, 768px\" \/><\/figure>\n\n\n\n<figure class=\"wp-block-image size-large\"><img loading=\"lazy\" decoding=\"async\" width=\"768\" height=\"1024\" data-id=\"299\" src=\"https:\/\/wedbensel.ch\/wp-content\/uploads\/2026\/02\/20250402_124902-768x1024.jpg\" alt=\"\" class=\"wp-image-299\" srcset=\"https:\/\/wedbensel.ch\/wp-content\/uploads\/2026\/02\/20250402_124902-768x1024.jpg 768w, https:\/\/wedbensel.ch\/wp-content\/uploads\/2026\/02\/20250402_124902-225x300.jpg 225w, https:\/\/wedbensel.ch\/wp-content\/uploads\/2026\/02\/20250402_124902-1152x1536.jpg 1152w, https:\/\/wedbensel.ch\/wp-content\/uploads\/2026\/02\/20250402_124902-1536x2048.jpg 1536w, https:\/\/wedbensel.ch\/wp-content\/uploads\/2026\/02\/20250402_124902-1320x1760.jpg 1320w, https:\/\/wedbensel.ch\/wp-content\/uploads\/2026\/02\/20250402_124902-scaled.jpg 1920w\" sizes=\"auto, (max-width: 768px) 100vw, 768px\" \/><\/figure>\n<\/figure>\n\n\n\n<div style=\"height:40px\" aria-hidden=\"true\" class=\"wp-block-spacer\"><\/div>\n\n\n\n<h4 class=\"wp-block-heading\"><strong>Parken und Anreise \ud83d\udda4 Parkiranje i dolazak<\/strong><\/h4>\n\n\n\n<ul class=\"wp-block-list\">\n<li>Parkm\u00f6glichkeiten befinden sich in der N\u00e4he des Sustipan-Parks \ud83d\udda4 Mogu\u0107nosti parkiranja nalaze se u blizini parka Sustipan<\/li>\n\n\n\n<li>gut erreichbar mit Auto, Taxi oder Shuttle \ud83d\udda4 Lako dostupno automobilom, taksijem ili shuttle prijevozom<\/li>\n\n\n\n<li>nur wenige Minuten von der Altstadt Split entfernt \ud83d\udda4 Samo nekoliko minuta od starog grada u Splitu<\/li>\n<\/ul>\n\n\n\n<div style=\"height:40px\" aria-hidden=\"true\" class=\"wp-block-spacer\"><\/div>\n\n\n\n<iframe src=\"https:\/\/www.google.com\/maps\/embed?pb=!1m18!1m12!1m3!1d2894.0222016077964!2d16.426348600000004!3d43.501872399999996!2m3!1f0!2f0!3f0!3m2!1i1024!2i768!4f13.1!3m3!1m2!1s0x1335675a36ceb3c3%3A0x9e3135f12b5eb94f!2sSustipan!5e0!3m2!1sde!2sch!4v1769890905380!5m2!1sde!2sch\" width=\"600\" height=\"450\" style=\"border:0;\" allowfullscreen=\"\" loading=\"lazy\" referrerpolicy=\"no-referrer-when-downgrade\"><\/iframe>\n\n\n\n<p><\/p>\n","protected":false},"excerpt":{"rendered":"<p>lokacija LOCATION F\u00fcr unsere Feier haben wir uns f\u00fcr das Restaurant Adriatic entschieden \u2014 die Aussicht hat uns sofort die [&hellip;]<\/p>\n","protected":false},"author":1,"featured_media":0,"parent":0,"menu_order":0,"comment_status":"closed","ping_status":"closed","template":"","meta":{"_uag_custom_page_level_css":"","site-sidebar-layout":"default","site-content-layout":"","ast-site-content-layout":"default","site-content-style":"default","site-sidebar-style":"default","ast-global-header-display":"","ast-banner-title-visibility":"","ast-main-header-display":"","ast-hfb-above-header-display":"","ast-hfb-below-header-display":"","ast-hfb-mobile-header-display":"","site-post-title":"disabled","ast-breadcrumbs-content":"","ast-featured-img":"","footer-sml-layout":"","ast-disable-related-posts":"","theme-transparent-header-meta":"","adv-header-id-meta":"","stick-header-meta":"","header-above-stick-meta":"","header-main-stick-meta":"","header-below-stick-meta":"","astra-migrate-meta-layouts":"default","ast-page-background-enabled":"default","ast-page-background-meta":{"desktop":{"background-color":"var(--ast-global-color-5)","background-image":"","background-repeat":"repeat","background-position":"center center","background-size":"auto","background-attachment":"scroll","background-type":"","background-media":"","overlay-type":"","overlay-color":"","overlay-opacity":"","overlay-gradient":""},"tablet":{"background-color":"","background-image":"","background-repeat":"repeat","background-position":"center center","background-size":"auto","background-attachment":"scroll","background-type":"","background-media":"","overlay-type":"","overlay-color":"","overlay-opacity":"","overlay-gradient":""},"mobile":{"background-color":"","background-image":"","background-repeat":"repeat","background-position":"center center","background-size":"auto","background-attachment":"scroll","background-type":"","background-media":"","overlay-type":"","overlay-color":"","overlay-opacity":"","overlay-gradient":""}},"ast-content-background-meta":{"desktop":{"background-color":"var(--ast-global-color-4)","background-image":"","background-repeat":"repeat","background-position":"center center","background-size":"auto","background-attachment":"scroll","background-type":"","background-media":"","overlay-type":"","overlay-color":"","overlay-opacity":"","overlay-gradient":""},"tablet":{"background-color":"var(--ast-global-color-4)","background-image":"","background-repeat":"repeat","background-position":"center center","background-size":"auto","background-attachment":"scroll","background-type":"","background-media":"","overlay-type":"","overlay-color":"","overlay-opacity":"","overlay-gradient":""},"mobile":{"background-color":"var(--ast-global-color-4)","background-image":"","background-repeat":"repeat","background-position":"center center","background-size":"auto","background-attachment":"scroll","background-type":"","background-media":"","overlay-type":"","overlay-color":"","overlay-opacity":"","overlay-gradient":""}},"footnotes":""},"class_list":["post-55","page","type-page","status-publish","hentry"],"uagb_featured_image_src":{"full":false,"thumbnail":false,"medium":false,"medium_large":false,"large":false,"1536x1536":false,"2048x2048":false,"mailpoet_newsletter_max":false},"uagb_author_info":{"display_name":"admin","author_link":"https:\/\/wedbensel.ch\/?author=1"},"uagb_comment_info":0,"uagb_excerpt":"lokacija LOCATION F\u00fcr unsere Feier haben wir uns f\u00fcr das Restaurant Adriatic entschieden \u2014 die Aussicht hat uns sofort die [&hellip;]","_links":{"self":[{"href":"https:\/\/wedbensel.ch\/index.php?rest_route=\/wp\/v2\/pages\/55","targetHints":{"allow":["GET"]}}],"collection":[{"href":"https:\/\/wedbensel.ch\/index.php?rest_route=\/wp\/v2\/pages"}],"about":[{"href":"https:\/\/wedbensel.ch\/index.php?rest_route=\/wp\/v2\/types\/page"}],"author":[{"embeddable":true,"href":"https:\/\/wedbensel.ch\/index.php?rest_route=\/wp\/v2\/users\/1"}],"replies":[{"embeddable":true,"href":"https:\/\/wedbensel.ch\/index.php?rest_route=%2Fwp%2Fv2%2Fcomments&post=55"}],"version-history":[{"count":37,"href":"https:\/\/wedbensel.ch\/index.php?rest_route=\/wp\/v2\/pages\/55\/revisions"}],"predecessor-version":[{"id":318,"href":"https:\/\/wedbensel.ch\/index.php?rest_route=\/wp\/v2\/pages\/55\/revisions\/318"}],"wp:attachment":[{"href":"https:\/\/wedbensel.ch\/index.php?rest_route=%2Fwp%2Fv2%2Fmedia&parent=55"}],"curies":[{"name":"wp","href":"https:\/\/api.w.org\/{rel}","templated":true}]}}