{"id":8,"date":"2026-01-29T19:16:37","date_gmt":"2026-01-29T18:16:37","guid":{"rendered":"https:\/\/wedbensel.ch\/?page_id=8"},"modified":"2026-02-02T16:58:47","modified_gmt":"2026-02-02T15:58:47","slug":"startseite","status":"publish","type":"page","link":"https:\/\/wedbensel.ch\/","title":{"rendered":"BERNARD &amp; SELINE"},"content":{"rendered":"\n<div class=\"wp-block-cover alignfull\" style=\"margin-top:0;padding-top:48px;padding-right:48px;padding-bottom:48px;padding-left:48px;min-height:66vh;aspect-ratio:unset;\"><img loading=\"lazy\" decoding=\"async\" width=\"2560\" height=\"1707\" class=\"wp-block-cover__image-background wp-image-36 size-full\" alt=\"\" src=\"https:\/\/wedbensel.ch\/wp-content\/uploads\/2026\/01\/IMG_1696-1-scaled.jpg\" data-object-fit=\"cover\" srcset=\"https:\/\/wedbensel.ch\/wp-content\/uploads\/2026\/01\/IMG_1696-1-scaled.jpg 2560w, https:\/\/wedbensel.ch\/wp-content\/uploads\/2026\/01\/IMG_1696-1-300x200.jpg 300w, https:\/\/wedbensel.ch\/wp-content\/uploads\/2026\/01\/IMG_1696-1-1024x683.jpg 1024w, https:\/\/wedbensel.ch\/wp-content\/uploads\/2026\/01\/IMG_1696-1-768x512.jpg 768w, https:\/\/wedbensel.ch\/wp-content\/uploads\/2026\/01\/IMG_1696-1-1536x1024.jpg 1536w, https:\/\/wedbensel.ch\/wp-content\/uploads\/2026\/01\/IMG_1696-1-2048x1365.jpg 2048w\" sizes=\"auto, (max-width: 2560px) 100vw, 2560px\" \/><span aria-hidden=\"true\" class=\"wp-block-cover__background has-background-dim-30 has-background-dim\" style=\"background-color:#454241\"><\/span><div class=\"wp-block-cover__inner-container is-layout-flow wp-block-cover-is-layout-flow\">\n<div class=\"wp-block-group is-content-justification-left is-layout-constrained wp-container-core-group-is-layout-0b562c1c wp-block-group-is-layout-constrained\">\n<h2 class=\"wp-block-heading has-text-align-left has-white-color has-text-color\" style=\"font-size:100px;font-style:normal;font-weight:700;letter-spacing:0px;line-height:1;text-transform:uppercase\">11<br>SEP<br>26<\/h2>\n\n\n\n<p><\/p>\n<\/div>\n\n\n\n<div class=\"wp-block-buttons is-content-justification-left is-nowrap is-layout-flex wp-container-core-buttons-is-layout-92e17da2 wp-block-buttons-is-layout-flex\">\n<div class=\"wp-block-button is-style-outline is-style-outline--1\"><a class=\"wp-block-button__link has-white-color has-text-color has-custom-font-size wp-element-button\" href=\"https:\/\/wedbensel.ch\/?page_id=46\" style=\"padding-top:24px;padding-right:48px;padding-bottom:24px;padding-left:48px;font-size:16px;font-style:normal;font-weight:600;letter-spacing:0px;text-transform:uppercase\">anmelden \u2661 Prijava sada<\/a><\/div>\n<\/div>\n<\/div><\/div>\n\n\n\n<div class=\"wp-block-group alignfull is-layout-constrained wp-container-core-group-is-layout-45b0ac4f wp-block-group-is-layout-constrained\" id=\"services\" style=\"padding-top:144px;padding-bottom:0px\">\n<h2 class=\"wp-block-heading\">SPLIT.<\/h2>\n\n\n\n<p class=\"has-text-align-left\">Ovdje smo proveli mnogo lijepih odmora, dio Benijeve obitelji \u017eivi ovdje \u2014 i svaki put nas iznova do\u010dekaju toplina, vrhunska hrana, posebni ljudi i bogata povijest. Zato smo presretni i ponosni \u0161to \u0107emo ba\u0161 ovdje, uz more i dalmatinsko sunce, slaviti na\u0161e vjen\u010danje zajedno s vama.<\/p>\n\n\n\n<p>Wir haben hier viele sch\u00f6ne Urlaube verbracht, ein Teil von Benis Familie lebt hier \u2014 und jedes Mal empfangen uns wieder W\u00e4rme, grossartiges Essen, besondere Menschen und eine reiche Geschichte. Deshalb sind wir \u00fcbergl\u00fccklich und stolz, genau hier, am Meer und unter der dalmatinischen Sonne, unsere Hochzeit gemeinsam mit euch zu feiern.<\/p>\n\n\n\n<div class=\"wp-block-columns is-layout-flex wp-container-core-columns-is-layout-60cbf9bb wp-block-columns-is-layout-flex\" style=\"margin-top:50px\">\n<div class=\"wp-block-column is-layout-flow wp-container-core-column-is-layout-6b73ce23 wp-block-column-is-layout-flow\">\n<figure class=\"wp-block-image size-full\"><img loading=\"lazy\" decoding=\"async\" width=\"1920\" height=\"2560\" src=\"https:\/\/wedbensel.ch\/wp-content\/uploads\/2026\/02\/IMG_20190730_175239-Kopie-scaled.jpg\" alt=\"\" class=\"wp-image-272\" style=\"aspect-ratio:2\/3;object-fit:cover\" srcset=\"https:\/\/wedbensel.ch\/wp-content\/uploads\/2026\/02\/IMG_20190730_175239-Kopie-scaled.jpg 1920w, https:\/\/wedbensel.ch\/wp-content\/uploads\/2026\/02\/IMG_20190730_175239-Kopie-225x300.jpg 225w, https:\/\/wedbensel.ch\/wp-content\/uploads\/2026\/02\/IMG_20190730_175239-Kopie-768x1024.jpg 768w, https:\/\/wedbensel.ch\/wp-content\/uploads\/2026\/02\/IMG_20190730_175239-Kopie-1152x1536.jpg 1152w, https:\/\/wedbensel.ch\/wp-content\/uploads\/2026\/02\/IMG_20190730_175239-Kopie-1536x2048.jpg 1536w, https:\/\/wedbensel.ch\/wp-content\/uploads\/2026\/02\/IMG_20190730_175239-Kopie-1320x1760.jpg 1320w\" sizes=\"auto, (max-width: 1920px) 100vw, 1920px\" \/><\/figure>\n<\/div>\n\n\n\n<div class=\"wp-block-column is-layout-flow wp-container-core-column-is-layout-6b73ce23 wp-block-column-is-layout-flow\">\n<figure class=\"wp-block-image size-full\"><img loading=\"lazy\" decoding=\"async\" width=\"1920\" height=\"2560\" src=\"https:\/\/wedbensel.ch\/wp-content\/uploads\/2026\/02\/IMG_20190730_165651-scaled.jpg\" alt=\"\" class=\"wp-image-273\" style=\"aspect-ratio:2\/3;object-fit:cover\" srcset=\"https:\/\/wedbensel.ch\/wp-content\/uploads\/2026\/02\/IMG_20190730_165651-scaled.jpg 1920w, https:\/\/wedbensel.ch\/wp-content\/uploads\/2026\/02\/IMG_20190730_165651-225x300.jpg 225w, https:\/\/wedbensel.ch\/wp-content\/uploads\/2026\/02\/IMG_20190730_165651-768x1024.jpg 768w, https:\/\/wedbensel.ch\/wp-content\/uploads\/2026\/02\/IMG_20190730_165651-1152x1536.jpg 1152w, https:\/\/wedbensel.ch\/wp-content\/uploads\/2026\/02\/IMG_20190730_165651-1536x2048.jpg 1536w, https:\/\/wedbensel.ch\/wp-content\/uploads\/2026\/02\/IMG_20190730_165651-1320x1760.jpg 1320w\" sizes=\"auto, (max-width: 1920px) 100vw, 1920px\" \/><\/figure>\n<\/div>\n\n\n\n<div class=\"wp-block-column is-layout-flow wp-container-core-column-is-layout-6b73ce23 wp-block-column-is-layout-flow\">\n<figure class=\"wp-block-image size-full\"><img loading=\"lazy\" decoding=\"async\" width=\"2560\" height=\"1920\" src=\"https:\/\/wedbensel.ch\/wp-content\/uploads\/2026\/02\/20250404_102727-scaled.jpg\" alt=\"\" class=\"wp-image-274\" style=\"aspect-ratio:2\/3;object-fit:cover\" srcset=\"https:\/\/wedbensel.ch\/wp-content\/uploads\/2026\/02\/20250404_102727-scaled.jpg 2560w, https:\/\/wedbensel.ch\/wp-content\/uploads\/2026\/02\/20250404_102727-300x225.jpg 300w, https:\/\/wedbensel.ch\/wp-content\/uploads\/2026\/02\/20250404_102727-1024x768.jpg 1024w, https:\/\/wedbensel.ch\/wp-content\/uploads\/2026\/02\/20250404_102727-768x576.jpg 768w, https:\/\/wedbensel.ch\/wp-content\/uploads\/2026\/02\/20250404_102727-1536x1152.jpg 1536w, https:\/\/wedbensel.ch\/wp-content\/uploads\/2026\/02\/20250404_102727-2048x1536.jpg 2048w, https:\/\/wedbensel.ch\/wp-content\/uploads\/2026\/02\/20250404_102727-1320x990.jpg 1320w\" sizes=\"auto, (max-width: 2560px) 100vw, 2560px\" \/><\/figure>\n<\/div>\n<\/div>\n<\/div>\n\n\n\n<p><\/p>\n","protected":false},"excerpt":{"rendered":"<p>SPLIT. Ovdje smo proveli mnogo lijepih odmora, dio Benijeve obitelji \u017eivi ovdje \u2014 i svaki put nas iznova do\u010dekaju toplina, [&hellip;]<\/p>\n","protected":false},"author":1,"featured_media":0,"parent":0,"menu_order":0,"comment_status":"closed","ping_status":"closed","template":"","meta":{"_uag_custom_page_level_css":"","site-sidebar-layout":"no-sidebar","site-content-layout":"plain-container","ast-site-content-layout":"default","site-content-style":"default","site-sidebar-style":"default","ast-global-header-display":"","ast-banner-title-visibility":"","ast-main-header-display":"","ast-hfb-above-header-display":"","ast-hfb-below-header-display":"","ast-hfb-mobile-header-display":"","site-post-title":"disabled","ast-breadcrumbs-content":"","ast-featured-img":"","footer-sml-layout":"","ast-disable-related-posts":"","theme-transparent-header-meta":"enabled","adv-header-id-meta":"","stick-header-meta":"","header-above-stick-meta":"","header-main-stick-meta":"","header-below-stick-meta":"","astra-migrate-meta-layouts":"default","ast-page-background-enabled":"default","ast-page-background-meta":{"desktop":{"background-color":"var(--ast-global-color-5)","background-image":"","background-repeat":"repeat","background-position":"center center","background-size":"auto","background-attachment":"scroll","background-type":"","background-media":"","overlay-type":"","overlay-color":"","overlay-opacity":"","overlay-gradient":""},"tablet":{"background-color":"","background-image":"","background-repeat":"repeat","background-position":"center center","background-size":"auto","background-attachment":"scroll","background-type":"","background-media":"","overlay-type":"","overlay-color":"","overlay-opacity":"","overlay-gradient":""},"mobile":{"background-color":"","background-image":"","background-repeat":"repeat","background-position":"center center","background-size":"auto","background-attachment":"scroll","background-type":"","background-media":"","overlay-type":"","overlay-color":"","overlay-opacity":"","overlay-gradient":""}},"ast-content-background-meta":{"desktop":{"background-color":"var(--ast-global-color-4)","background-image":"","background-repeat":"repeat","background-position":"center center","background-size":"auto","background-attachment":"scroll","background-type":"","background-media":"","overlay-type":"","overlay-color":"","overlay-opacity":"","overlay-gradient":""},"tablet":{"background-color":"var(--ast-global-color-4)","background-image":"","background-repeat":"repeat","background-position":"center center","background-size":"auto","background-attachment":"scroll","background-type":"","background-media":"","overlay-type":"","overlay-color":"","overlay-opacity":"","overlay-gradient":""},"mobile":{"background-color":"var(--ast-global-color-4)","background-image":"","background-repeat":"repeat","background-position":"center center","background-size":"auto","background-attachment":"scroll","background-type":"","background-media":"","overlay-type":"","overlay-color":"","overlay-opacity":"","overlay-gradient":""}},"footnotes":""},"class_list":["post-8","page","type-page","status-publish","hentry"],"uagb_featured_image_src":{"full":false,"thumbnail":false,"medium":false,"medium_large":false,"large":false,"1536x1536":false,"2048x2048":false,"mailpoet_newsletter_max":false},"uagb_author_info":{"display_name":"admin","author_link":"https:\/\/wedbensel.ch\/?author=1"},"uagb_comment_info":0,"uagb_excerpt":"SPLIT. Ovdje smo proveli mnogo lijepih odmora, dio Benijeve obitelji \u017eivi ovdje \u2014 i svaki put nas iznova do\u010dekaju toplina, [&hellip;]","_links":{"self":[{"href":"https:\/\/wedbensel.ch\/index.php?rest_route=\/wp\/v2\/pages\/8","targetHints":{"allow":["GET"]}}],"collection":[{"href":"https:\/\/wedbensel.ch\/index.php?rest_route=\/wp\/v2\/pages"}],"about":[{"href":"https:\/\/wedbensel.ch\/index.php?rest_route=\/wp\/v2\/types\/page"}],"author":[{"embeddable":true,"href":"https:\/\/wedbensel.ch\/index.php?rest_route=\/wp\/v2\/users\/1"}],"replies":[{"embeddable":true,"href":"https:\/\/wedbensel.ch\/index.php?rest_route=%2Fwp%2Fv2%2Fcomments&post=8"}],"version-history":[{"count":22,"href":"https:\/\/wedbensel.ch\/index.php?rest_route=\/wp\/v2\/pages\/8\/revisions"}],"predecessor-version":[{"id":305,"href":"https:\/\/wedbensel.ch\/index.php?rest_route=\/wp\/v2\/pages\/8\/revisions\/305"}],"wp:attachment":[{"href":"https:\/\/wedbensel.ch\/index.php?rest_route=%2Fwp%2Fv2%2Fmedia&parent=8"}],"curies":[{"name":"wp","href":"https:\/\/api.w.org\/{rel}","templated":true}]}}